{"id":12,"date":"2021-05-14T18:27:37","date_gmt":"2021-05-14T16:27:37","guid":{"rendered":"http:\/\/apartamentymelodiafal.pl\/?page_id=12"},"modified":"2021-05-14T19:00:16","modified_gmt":"2021-05-14T17:00:16","slug":"kontakt","status":"publish","type":"page","link":"https:\/\/apartamentymelodiafal.pl\/index.php\/kontakt\/","title":{"rendered":"Kontakt"},"content":{"rendered":"\n<div class=\"wp-block-contact-form-7-contact-form-selector\"><div role=\"form\" class=\"wpcf7\" id=\"wpcf7-f32-o1\" lang=\"pl-PL\" dir=\"ltr\">\n<div class=\"screen-reader-response\"><p role=\"status\" aria-live=\"polite\" aria-atomic=\"true\"><\/p> <ul><\/ul><\/div>\n<form action=\"\/index.php\/wp-json\/wp\/v2\/pages\/12#wpcf7-f32-o1\" method=\"post\" class=\"wpcf7-form init\" novalidate=\"novalidate\" data-status=\"init\">\n<div style=\"display: none;\">\n<input type=\"hidden\" name=\"_wpcf7\" value=\"32\" \/>\n<input type=\"hidden\" name=\"_wpcf7_version\" value=\"5.4.1\" \/>\n<input type=\"hidden\" name=\"_wpcf7_locale\" value=\"pl_PL\" \/>\n<input type=\"hidden\" name=\"_wpcf7_unit_tag\" value=\"wpcf7-f32-o1\" \/>\n<input type=\"hidden\" name=\"_wpcf7_container_post\" value=\"0\" \/>\n<input type=\"hidden\" name=\"_wpcf7_posted_data_hash\" value=\"\" \/>\n<\/div>\n<p><label> Twoje imi\u0119 <span class=\"wpcf7-form-control-wrap your-name\"><input type=\"text\" name=\"your-name\" value=\"\" size=\"40\" class=\"wpcf7-form-control wpcf7-text wpcf7-validates-as-required\" aria-required=\"true\" aria-invalid=\"false\" \/><\/span> <\/label><br \/>\n<label> Tw\u00f3j email <span class=\"wpcf7-form-control-wrap your-email\"><input type=\"email\" name=\"your-email\" value=\"\" size=\"40\" class=\"wpcf7-form-control wpcf7-text wpcf7-email wpcf7-validates-as-required wpcf7-validates-as-email\" aria-required=\"true\" aria-invalid=\"false\" \/><\/span> <\/label><br \/>\n<label> Nr telefonu <span class=\"wpcf7-form-control-wrap text-tel\"><input type=\"text\" name=\"text-tel\" value=\"\" size=\"40\" class=\"wpcf7-form-control wpcf7-text wpcf7-validates-as-required\" aria-required=\"true\" aria-invalid=\"false\" \/><\/span> <\/label><br \/>\n<label> Twoja wiadomo\u015bci <span class=\"wpcf7-form-control-wrap your-message\"><textarea name=\"your-message\" cols=\"40\" rows=\"10\" class=\"wpcf7-form-control wpcf7-textarea\" aria-invalid=\"false\"><\/textarea><\/span> <\/label><\/p>\n<p><input type=\"submit\" value=\"Wy\u015blij\" class=\"wpcf7-form-control wpcf7-submit\" \/><\/p>\n<p>Szanowni Pa\u0144stwo<\/p>\n<p>Informujemy, \u017ce podane przez Pa\u0144stwa dane osobowe b\u0119d\u0105 przetwarzane w celu przyj\u0119cia zapytania kontaktowego, rozpatrzenia zapytania i udzielenia odpowiedzi, na podstawie 6 ust.1 lit. f Rozporz\u0105dzenia Parlamentu Europejskiego i Rady (UE) 2016\/679 z dnia 27 kwietnia 2016 roku w sprawie ochrony os\u00f3b fizycznych w zwi\u0105zku z przetwarzaniem danych osobowych i w sprawie swobodnego przep\u0142ywu takich danych oraz uchylenia dyrektywy 95\/46\/WE (og\u00f3lne rozporz\u0105dzenie o ochronie danych) \u2013 dalej RODO, tj. prawnie uzasadnionego interesu administratora.<br \/>\nPa\u0144stwa dane osobowe b\u0119d\u0105 przetwarzane do czasu wykonania us\u0142ugi.<br \/>\nMaj\u0105 Pa\u0144stwo prawo \u017c\u0105dania dost\u0119pu do dotycz\u0105cych Pa\u0144stwa osoby danych osobowych, prawo ich sprostowania, usuni\u0119cia lub ograniczenia przetwarzania, a tak\u017ce prawo do wniesienia sprzeciwu wobec przetwarzania oraz prawo do przenoszenia danych. Mog\u0105 Pa\u0144stwo cofn\u0105\u0107 wyra\u017con\u0105 zgod\u0119 (je\u017celi jest wyra\u017cana) w dowolnym momencie. Cofni\u0119cie zgody nie wp\u0142ywa na zgodno\u015b\u0107 z prawem przetwarzania, kt\u00f3rego dokonano na podstawie wyra\u017conej przez Pa\u0144stwa zgody przed jej cofni\u0119ciem.<br \/>\nPrzys\u0142uguje r\u00f3wnie\u017c Pa\u0144stwu prawo wniesienia skargi do Prezesa Urz\u0119du Ochrony Danych Osobowych, gdy Pa\u0144stwo uznaj\u0105, i\u017c przetwarzanie danych osobowych narusza przepisy RODO. Podanie przez Pa\u0144stwa danych osobowych jest dobrowolne.<br \/>\nW razie jakichkolwiek pyta\u0144 i w celu uzyskania dodatkowych informacji prosimy o kontakt pod nr<br \/>\ntel. +48500266026, email: biuro@apartamentymelodiafal.pl<\/p>\n<p>Pani\/Pana dane osobowe s\u0105 przetwarzane zgodnie z nast\u0119puj\u0105cymi przepisami dot. ochrony danych osobowych \u2013 wi\u0119cej informacji znajdziesz tutaj - <a href=\"http:\/\/apartamentymelodiafal.pl\/wp-content\/uploads\/2021\/06\/regulamin.pdf\">wa\u017cne informacje<\/a>.<\/p>\n<div class=\"wpcf7-response-output\" aria-hidden=\"true\"><\/div><\/form><\/div><\/div>\n","protected":false},"excerpt":{"rendered":"","protected":false},"author":1,"featured_media":0,"parent":0,"menu_order":0,"comment_status":"closed","ping_status":"closed","template":"","meta":{"ngg_post_thumbnail":0,"footnotes":""},"class_list":["post-12","page","type-page","status-publish","hentry"],"_links":{"self":[{"href":"https:\/\/apartamentymelodiafal.pl\/index.php\/wp-json\/wp\/v2\/pages\/12","targetHints":{"allow":["GET"]}}],"collection":[{"href":"https:\/\/apartamentymelodiafal.pl\/index.php\/wp-json\/wp\/v2\/pages"}],"about":[{"href":"https:\/\/apartamentymelodiafal.pl\/index.php\/wp-json\/wp\/v2\/types\/page"}],"author":[{"embeddable":true,"href":"https:\/\/apartamentymelodiafal.pl\/index.php\/wp-json\/wp\/v2\/users\/1"}],"replies":[{"embeddable":true,"href":"https:\/\/apartamentymelodiafal.pl\/index.php\/wp-json\/wp\/v2\/comments?post=12"}],"version-history":[{"count":2,"href":"https:\/\/apartamentymelodiafal.pl\/index.php\/wp-json\/wp\/v2\/pages\/12\/revisions"}],"predecessor-version":[{"id":34,"href":"https:\/\/apartamentymelodiafal.pl\/index.php\/wp-json\/wp\/v2\/pages\/12\/revisions\/34"}],"wp:attachment":[{"href":"https:\/\/apartamentymelodiafal.pl\/index.php\/wp-json\/wp\/v2\/media?parent=12"}],"curies":[{"name":"wp","href":"https:\/\/api.w.org\/{rel}","templated":true}]}}